{"id":32,"date":"2019-04-11T17:11:24","date_gmt":"2019-04-11T15:11:24","guid":{"rendered":"https:\/\/www.xn--stosswellenzentrum-niedersterreich-znd.at\/?page_id=32"},"modified":"2022-08-30T10:36:10","modified_gmt":"2022-08-30T08:36:10","slug":"kosten","status":"publish","type":"page","link":"https:\/\/www.xn--stosswellenzentrum-niedersterreich-znd.at\/?page_id=32","title":{"rendered":"Kosten"},"content":{"rendered":"\t\t<div data-elementor-type=\"wp-post\" data-elementor-id=\"32\" class=\"elementor elementor-32\" data-elementor-settings=\"[]\">\n\t\t\t\t\t\t<div class=\"elementor-inner\">\n\t\t\t\t\t\t\t<div class=\"elementor-section-wrap\">\n\t\t\t\t\t\t\t<section class=\"elementor-section elementor-top-section elementor-element elementor-element-c19444f elementor-section-full_width elementor-section-height-min-height elementor-section-content-middle elementor-section-height-default elementor-section-items-middle\" data-id=\"c19444f\" data-element_type=\"section\" data-settings=\"{&quot;background_background&quot;:&quot;classic&quot;}\">\n\t\t\t\t\t\t<div class=\"elementor-container elementor-column-gap-no\">\n\t\t\t\t\t\t\t<div class=\"elementor-row\">\n\t\t\t\t\t<div class=\"elementor-column elementor-col-100 elementor-top-column elementor-element elementor-element-f2378f2\" data-id=\"f2378f2\" data-element_type=\"column\">\n\t\t\t<div class=\"elementor-column-wrap elementor-element-populated\">\n\t\t\t\t\t\t\t<div class=\"elementor-widget-wrap\">\n\t\t\t\t\t\t\t\t<\/div>\n\t\t\t\t\t<\/div>\n\t\t<\/div>\n\t\t\t\t\t\t\t\t<\/div>\n\t\t\t\t\t<\/div>\n\t\t<\/section>\n\t\t\t\t<section class=\"elementor-section elementor-inner-section elementor-element elementor-element-704b995 elementor-section-height-min-height elementor-section-content-middle elementor-section-full_width elementor-section-height-default\" data-id=\"704b995\" data-element_type=\"section\" data-settings=\"{&quot;background_background&quot;:&quot;classic&quot;}\">\n\t\t\t\t\t\t<div class=\"elementor-container elementor-column-gap-no\">\n\t\t\t\t\t\t\t<div class=\"elementor-row\">\n\t\t\t\t\t<div class=\"elementor-column elementor-col-50 elementor-inner-column elementor-element elementor-element-4064740\" data-id=\"4064740\" data-element_type=\"column\" data-settings=\"{&quot;background_background&quot;:&quot;classic&quot;}\">\n\t\t\t<div class=\"elementor-column-wrap elementor-element-populated\">\n\t\t\t\t\t\t\t<div class=\"elementor-widget-wrap\">\n\t\t\t\t\t\t<div class=\"elementor-element elementor-element-7ce0dfe elementor-widget elementor-widget-spacer\" data-id=\"7ce0dfe\" data-element_type=\"widget\" data-widget_type=\"spacer.default\">\n\t\t\t\t<div class=\"elementor-widget-container\">\n\t\t\t\t\t<div class=\"elementor-spacer\">\n\t\t\t<div class=\"elementor-spacer-inner\"><\/div>\n\t\t<\/div>\n\t\t\t\t<\/div>\n\t\t\t\t<\/div>\n\t\t\t\t\t\t<\/div>\n\t\t\t\t\t<\/div>\n\t\t<\/div>\n\t\t\t\t<div class=\"elementor-column elementor-col-50 elementor-inner-column elementor-element elementor-element-ad0d85f\" data-id=\"ad0d85f\" data-element_type=\"column\">\n\t\t\t<div class=\"elementor-column-wrap elementor-element-populated\">\n\t\t\t\t\t\t\t<div class=\"elementor-widget-wrap\">\n\t\t\t\t\t\t<div class=\"elementor-element elementor-element-4280b52 elementor-widget elementor-widget-heading\" data-id=\"4280b52\" data-element_type=\"widget\" data-widget_type=\"heading.default\">\n\t\t\t\t<div class=\"elementor-widget-container\">\n\t\t\t<h2 class=\"elementor-heading-title elementor-size-large\">Kosten<\/h2>\t\t<\/div>\n\t\t\t\t<\/div>\n\t\t\t\t<div class=\"elementor-element elementor-element-87441fb elementor-widget elementor-widget-text-editor\" data-id=\"87441fb\" data-element_type=\"widget\" data-widget_type=\"text-editor.default\">\n\t\t\t\t<div class=\"elementor-widget-container\">\n\t\t\t\t\t\t\t\t<div class=\"elementor-text-editor elementor-clearfix\">\n\t\t\t\t\t<p class=\"paragraph_style_3\">Obwohl die erfolgreiche Wirkung der Sto\u00dfwellentherapie durch in den letzten Jahren zahlreich durchgef\u00fchrten Studien bewiesen werden konnte, hat die Politik bis heute noch keinen Weg gefunden, die Behandlung mit einem Kassentarif abzugelten. Folgedessen m\u00fcssen Versicherte der Gebietskrankenkassen ihre Behandlungskosten selbst tragen.<\/p><p class=\"paragraph_style_3\">Versicherte der sogenannten \u201ekleinen Kassen\u201c wie BVA, SVA, VAEB und die Bauernkrankenkassen erhalten einen Gro\u00dfteil der Behandlungskosten (60-80%) mit Einreichung der Honorarnote retour erstattet.\u00a0Somit darf angemerkt werden, dass die \u201ekleinen Kassen\u201c einerseits die Wirksamkeit der Sto\u00dfwelle erkannt haben und andererseits wirtschaftlich agieren.<\/p><p class=\"paragraph_style_3\">Durch die Sto\u00dfwellenbehandllung wird eine f\u00fcr den Patienten belastende und auch f\u00fcr die Kasse teurere Operation \u00fcberfl\u00fcssig. Weiters wird ein Ausfall am\u00a0Arbeitsplatz ebenso hinf\u00e4llig. Die einzelnen Behandlungskosten sind dann jeweils abh\u00e4ngig von der jeweiligen Diagnose und der daraus resultierenden Therapie und bewegen sich in\u00a0einem Rahmen zwischen 50 und 280 Euro.<\/p>\t\t\t\t\t<\/div>\n\t\t\t\t\t\t<\/div>\n\t\t\t\t<\/div>\n\t\t\t\t\t\t<\/div>\n\t\t\t\t\t<\/div>\n\t\t<\/div>\n\t\t\t\t\t\t\t\t<\/div>\n\t\t\t\t\t<\/div>\n\t\t<\/section>\n\t\t\t\t\t\t<\/div>\n\t\t\t\t\t\t<\/div>\n\t\t\t\t\t<\/div>\n\t\t","protected":false},"excerpt":{"rendered":"<p>Kosten Obwohl die erfolgreiche Wirkung der Sto\u00dfwellentherapie durch in den letzten Jahren zahlreich durchgef\u00fchrten Studien bewiesen werden konnte, hat die Politik bis heute noch keinen Weg gefunden, die Behandlung mit einem Kassentarif abzugelten. Folgedessen m\u00fcssen Versicherte der Gebietskrankenkassen ihre Behandlungskosten selbst tragen. Versicherte der sogenannten \u201ekleinen Kassen\u201c wie BVA, SVA, VAEB und die Bauernkrankenkassen erhalten [&hellip;]<\/p>\n","protected":false},"author":3,"featured_media":0,"parent":0,"menu_order":0,"comment_status":"closed","ping_status":"closed","template":"","meta":{"footnotes":""},"class_list":["post-32","page","type-page","status-publish","hentry","entry"],"_links":{"self":[{"href":"https:\/\/www.xn--stosswellenzentrum-niedersterreich-znd.at\/index.php?rest_route=\/wp\/v2\/pages\/32","targetHints":{"allow":["GET"]}}],"collection":[{"href":"https:\/\/www.xn--stosswellenzentrum-niedersterreich-znd.at\/index.php?rest_route=\/wp\/v2\/pages"}],"about":[{"href":"https:\/\/www.xn--stosswellenzentrum-niedersterreich-znd.at\/index.php?rest_route=\/wp\/v2\/types\/page"}],"author":[{"embeddable":true,"href":"https:\/\/www.xn--stosswellenzentrum-niedersterreich-znd.at\/index.php?rest_route=\/wp\/v2\/users\/3"}],"replies":[{"embeddable":true,"href":"https:\/\/www.xn--stosswellenzentrum-niedersterreich-znd.at\/index.php?rest_route=%2Fwp%2Fv2%2Fcomments&post=32"}],"version-history":[{"count":38,"href":"https:\/\/www.xn--stosswellenzentrum-niedersterreich-znd.at\/index.php?rest_route=\/wp\/v2\/pages\/32\/revisions"}],"predecessor-version":[{"id":1758,"href":"https:\/\/www.xn--stosswellenzentrum-niedersterreich-znd.at\/index.php?rest_route=\/wp\/v2\/pages\/32\/revisions\/1758"}],"wp:attachment":[{"href":"https:\/\/www.xn--stosswellenzentrum-niedersterreich-znd.at\/index.php?rest_route=%2Fwp%2Fv2%2Fmedia&parent=32"}],"curies":[{"name":"wp","href":"https:\/\/api.w.org\/{rel}","templated":true}]}}