{"id":30,"date":"2019-04-11T17:10:51","date_gmt":"2019-04-11T15:10:51","guid":{"rendered":"https:\/\/www.xn--stosswellenzentrum-niedersterreich-znd.at\/?page_id=30"},"modified":"2019-05-28T09:09:58","modified_gmt":"2019-05-28T07:09:58","slug":"chronischen-nackenschmerzen-und-schmerzen-im-lendenwirbelsaeulenbereich","status":"publish","type":"page","link":"https:\/\/www.xn--stosswellenzentrum-niedersterreich-znd.at\/?page_id=30","title":{"rendered":"Chronischen Nackenschmerzen und Schmerzen im Lendenwirbels\u00e4ulenbereich"},"content":{"rendered":"\t\t<div data-elementor-type=\"wp-post\" data-elementor-id=\"30\" class=\"elementor elementor-30\" data-elementor-settings=\"[]\">\n\t\t\t\t\t\t<div class=\"elementor-inner\">\n\t\t\t\t\t\t\t<div class=\"elementor-section-wrap\">\n\t\t\t\t\t\t\t<section class=\"elementor-section elementor-top-section elementor-element elementor-element-ca8d4f8 elementor-section-full_width elementor-section-height-min-height elementor-section-content-middle elementor-section-height-default elementor-section-items-middle\" data-id=\"ca8d4f8\" data-element_type=\"section\" data-settings=\"{&quot;background_background&quot;:&quot;classic&quot;}\">\n\t\t\t\t\t\t<div class=\"elementor-container elementor-column-gap-no\">\n\t\t\t\t\t\t\t<div class=\"elementor-row\">\n\t\t\t\t\t<div class=\"elementor-column elementor-col-100 elementor-top-column elementor-element elementor-element-9419f1c\" data-id=\"9419f1c\" data-element_type=\"column\">\n\t\t\t<div class=\"elementor-column-wrap elementor-element-populated\">\n\t\t\t\t\t\t\t<div class=\"elementor-widget-wrap\">\n\t\t\t\t\t\t\t\t<\/div>\n\t\t\t\t\t<\/div>\n\t\t<\/div>\n\t\t\t\t\t\t\t\t<\/div>\n\t\t\t\t\t<\/div>\n\t\t<\/section>\n\t\t\t\t<section class=\"elementor-section elementor-top-section elementor-element elementor-element-6ae0a25 elementor-section-height-min-height elementor-section-content-middle elementor-section-boxed elementor-section-height-default elementor-section-items-middle\" data-id=\"6ae0a25\" data-element_type=\"section\" data-settings=\"{&quot;background_background&quot;:&quot;classic&quot;}\">\n\t\t\t\t\t\t<div class=\"elementor-container elementor-column-gap-no\">\n\t\t\t\t\t\t\t<div class=\"elementor-row\">\n\t\t\t\t\t<div class=\"elementor-column elementor-col-50 elementor-top-column elementor-element elementor-element-b10f608\" data-id=\"b10f608\" data-element_type=\"column\" data-settings=\"{&quot;background_background&quot;:&quot;classic&quot;}\">\n\t\t\t<div class=\"elementor-column-wrap elementor-element-populated\">\n\t\t\t\t\t\t\t<div class=\"elementor-widget-wrap\">\n\t\t\t\t\t\t<div class=\"elementor-element elementor-element-6995971 elementor-widget elementor-widget-heading\" data-id=\"6995971\" data-element_type=\"widget\" data-widget_type=\"heading.default\">\n\t\t\t\t<div class=\"elementor-widget-container\">\n\t\t\t<h2 class=\"elementor-heading-title elementor-size-large\">Chronischen Nackenschmerzen\nund Schmerzen im Lendenwirbels\u00e4ulenbereich<\/h2>\t\t<\/div>\n\t\t\t\t<\/div>\n\t\t\t\t\t\t<\/div>\n\t\t\t\t\t<\/div>\n\t\t<\/div>\n\t\t\t\t<div class=\"elementor-column elementor-col-50 elementor-top-column elementor-element elementor-element-f18548b\" data-id=\"f18548b\" data-element_type=\"column\">\n\t\t\t<div class=\"elementor-column-wrap elementor-element-populated\">\n\t\t\t\t\t\t\t<div class=\"elementor-widget-wrap\">\n\t\t\t\t\t\t<div class=\"elementor-element elementor-element-fef13f7 elementor-widget elementor-widget-image\" data-id=\"fef13f7\" data-element_type=\"widget\" data-widget_type=\"image.default\">\n\t\t\t\t<div class=\"elementor-widget-container\">\n\t\t\t\t\t\t\t\t<div class=\"elementor-image\">\n\t\t\t\t\t\t\t\t\t\t\t\t<img loading=\"lazy\" decoding=\"async\" width=\"2500\" height=\"1713\" src=\"https:\/\/www.xn--stosswellenzentrum-niedersterreich-znd.at\/wp-content\/uploads\/2019\/05\/Schmerzen-_Lendenwirbelber_Dr-Braun.jpg\" class=\"attachment-full size-full\" alt=\"\" srcset=\"https:\/\/www.xn--stosswellenzentrum-niedersterreich-znd.at\/wp-content\/uploads\/2019\/05\/Schmerzen-_Lendenwirbelber_Dr-Braun.jpg 2500w, https:\/\/www.xn--stosswellenzentrum-niedersterreich-znd.at\/wp-content\/uploads\/2019\/05\/Schmerzen-_Lendenwirbelber_Dr-Braun-300x206.jpg 300w, https:\/\/www.xn--stosswellenzentrum-niedersterreich-znd.at\/wp-content\/uploads\/2019\/05\/Schmerzen-_Lendenwirbelber_Dr-Braun-768x526.jpg 768w, https:\/\/www.xn--stosswellenzentrum-niedersterreich-znd.at\/wp-content\/uploads\/2019\/05\/Schmerzen-_Lendenwirbelber_Dr-Braun-1024x702.jpg 1024w\" sizes=\"auto, (max-width: 2500px) 100vw, 2500px\" \/>\t\t\t\t\t\t\t\t\t\t\t\t\t\t<\/div>\n\t\t\t\t\t\t<\/div>\n\t\t\t\t<\/div>\n\t\t\t\t\t\t<\/div>\n\t\t\t\t\t<\/div>\n\t\t<\/div>\n\t\t\t\t\t\t\t\t<\/div>\n\t\t\t\t\t<\/div>\n\t\t<\/section>\n\t\t\t\t<section class=\"elementor-section elementor-top-section elementor-element elementor-element-75720a2 elementor-section-full_width elementor-section-content-middle elementor-section-height-default elementor-section-height-default\" data-id=\"75720a2\" data-element_type=\"section\">\n\t\t\t\t\t\t<div class=\"elementor-container elementor-column-gap-no\">\n\t\t\t\t\t\t\t<div class=\"elementor-row\">\n\t\t\t\t\t<div class=\"elementor-column elementor-col-50 elementor-top-column elementor-element elementor-element-7ab78ed\" data-id=\"7ab78ed\" data-element_type=\"column\">\n\t\t\t<div class=\"elementor-column-wrap elementor-element-populated\">\n\t\t\t\t\t\t\t<div class=\"elementor-widget-wrap\">\n\t\t\t\t\t\t<div class=\"elementor-element elementor-element-5c58673 elementor-widget elementor-widget-image\" data-id=\"5c58673\" data-element_type=\"widget\" data-widget_type=\"image.default\">\n\t\t\t\t<div class=\"elementor-widget-container\">\n\t\t\t\t\t\t\t\t<div class=\"elementor-image\">\n\t\t\t\t\t\t\t\t\t\t\t\t<img loading=\"lazy\" decoding=\"async\" width=\"176\" height=\"300\" src=\"https:\/\/www.xn--stosswellenzentrum-niedersterreich-znd.at\/wp-content\/uploads\/2019\/05\/Max-176x300.jpg\" class=\"attachment-medium size-medium\" alt=\"\" srcset=\"https:\/\/www.xn--stosswellenzentrum-niedersterreich-znd.at\/wp-content\/uploads\/2019\/05\/Max-176x300.jpg 176w, https:\/\/www.xn--stosswellenzentrum-niedersterreich-znd.at\/wp-content\/uploads\/2019\/05\/Max.jpg 500w\" sizes=\"auto, (max-width: 176px) 100vw, 176px\" \/>\t\t\t\t\t\t\t\t\t\t\t\t\t\t<\/div>\n\t\t\t\t\t\t<\/div>\n\t\t\t\t<\/div>\n\t\t\t\t\t\t<\/div>\n\t\t\t\t\t<\/div>\n\t\t<\/div>\n\t\t\t\t<div class=\"elementor-column elementor-col-50 elementor-top-column elementor-element elementor-element-91717b0\" data-id=\"91717b0\" data-element_type=\"column\">\n\t\t\t<div class=\"elementor-column-wrap elementor-element-populated\">\n\t\t\t\t\t\t\t<div class=\"elementor-widget-wrap\">\n\t\t\t\t\t\t<div class=\"elementor-element elementor-element-d21dd24 elementor-widget elementor-widget-text-editor\" data-id=\"d21dd24\" data-element_type=\"widget\" data-widget_type=\"text-editor.default\">\n\t\t\t\t<div class=\"elementor-widget-container\">\n\t\t\t\t\t\t\t\t<div class=\"elementor-text-editor elementor-clearfix\">\n\t\t\t\t\t<div id=\"id6\" class=\"style_SkipStroke_1 shape-with-text\"><div class=\"text-content graphic_textbox_layout_style_default_External_726_138\"><div class=\"graphic_textbox_layout_style_default\"><p class=\"paragraph_style_1\">Bei chronischen Nackenschmerzen (auch als Cervicalsyndrom bezeichnet) sowie bei chronischen Schmerzen im Lendenwirbels\u00e4ulenbereich (Lumbago) wird mit den Sto\u00dfwellen eine myofasciale Triggertherapie durchgef\u00fchrt.\u00a0Es werden Schmerzpunkte in der Muskulatur aufgesucht und diese dann gezielt mit den Sto\u00dfwellen behandelt.<\/p><p class=\"paragraph_style_1\">So kann oftmalig sehr rasch eine deutliche Schmerzlinderung erreicht werden.<\/p><\/div><\/div><\/div>\t\t\t\t\t<\/div>\n\t\t\t\t\t\t<\/div>\n\t\t\t\t<\/div>\n\t\t\t\t\t\t<\/div>\n\t\t\t\t\t<\/div>\n\t\t<\/div>\n\t\t\t\t\t\t\t\t<\/div>\n\t\t\t\t\t<\/div>\n\t\t<\/section>\n\t\t\t\t<section class=\"elementor-section elementor-top-section elementor-element elementor-element-5b7d60a elementor-section-boxed elementor-section-height-default elementor-section-height-default\" data-id=\"5b7d60a\" data-element_type=\"section\">\n\t\t\t\t\t\t<div class=\"elementor-container elementor-column-gap-default\">\n\t\t\t\t\t\t\t<div class=\"elementor-row\">\n\t\t\t\t\t<div class=\"elementor-column elementor-col-100 elementor-top-column elementor-element elementor-element-4f45930\" data-id=\"4f45930\" data-element_type=\"column\">\n\t\t\t<div class=\"elementor-column-wrap elementor-element-populated\">\n\t\t\t\t\t\t\t<div class=\"elementor-widget-wrap\">\n\t\t\t\t\t\t<div class=\"elementor-element elementor-element-bbb628b elementor-widget elementor-widget-spacer\" data-id=\"bbb628b\" data-element_type=\"widget\" data-widget_type=\"spacer.default\">\n\t\t\t\t<div class=\"elementor-widget-container\">\n\t\t\t\t\t<div class=\"elementor-spacer\">\n\t\t\t<div class=\"elementor-spacer-inner\"><\/div>\n\t\t<\/div>\n\t\t\t\t<\/div>\n\t\t\t\t<\/div>\n\t\t\t\t\t\t<\/div>\n\t\t\t\t\t<\/div>\n\t\t<\/div>\n\t\t\t\t\t\t\t\t<\/div>\n\t\t\t\t\t<\/div>\n\t\t<\/section>\n\t\t\t\t\t\t<\/div>\n\t\t\t\t\t\t<\/div>\n\t\t\t\t\t<\/div>\n\t\t","protected":false},"excerpt":{"rendered":"<p>Chronischen Nackenschmerzen und Schmerzen im Lendenwirbels\u00e4ulenbereich Bei chronischen Nackenschmerzen (auch als Cervicalsyndrom bezeichnet) sowie bei chronischen Schmerzen im Lendenwirbels\u00e4ulenbereich (Lumbago) wird mit den Sto\u00dfwellen eine myofasciale Triggertherapie durchgef\u00fchrt.\u00a0Es werden Schmerzpunkte in der Muskulatur aufgesucht und diese dann gezielt mit den Sto\u00dfwellen behandelt. So kann oftmalig sehr rasch eine deutliche Schmerzlinderung erreicht werden.<\/p>\n","protected":false},"author":3,"featured_media":0,"parent":0,"menu_order":0,"comment_status":"closed","ping_status":"closed","template":"","meta":{"footnotes":""},"class_list":["post-30","page","type-page","status-publish","hentry","entry"],"_links":{"self":[{"href":"https:\/\/www.xn--stosswellenzentrum-niedersterreich-znd.at\/index.php?rest_route=\/wp\/v2\/pages\/30","targetHints":{"allow":["GET"]}}],"collection":[{"href":"https:\/\/www.xn--stosswellenzentrum-niedersterreich-znd.at\/index.php?rest_route=\/wp\/v2\/pages"}],"about":[{"href":"https:\/\/www.xn--stosswellenzentrum-niedersterreich-znd.at\/index.php?rest_route=\/wp\/v2\/types\/page"}],"author":[{"embeddable":true,"href":"https:\/\/www.xn--stosswellenzentrum-niedersterreich-znd.at\/index.php?rest_route=\/wp\/v2\/users\/3"}],"replies":[{"embeddable":true,"href":"https:\/\/www.xn--stosswellenzentrum-niedersterreich-znd.at\/index.php?rest_route=%2Fwp%2Fv2%2Fcomments&post=30"}],"version-history":[{"count":17,"href":"https:\/\/www.xn--stosswellenzentrum-niedersterreich-znd.at\/index.php?rest_route=\/wp\/v2\/pages\/30\/revisions"}],"predecessor-version":[{"id":1476,"href":"https:\/\/www.xn--stosswellenzentrum-niedersterreich-znd.at\/index.php?rest_route=\/wp\/v2\/pages\/30\/revisions\/1476"}],"wp:attachment":[{"href":"https:\/\/www.xn--stosswellenzentrum-niedersterreich-znd.at\/index.php?rest_route=%2Fwp%2Fv2%2Fmedia&parent=30"}],"curies":[{"name":"wp","href":"https:\/\/api.w.org\/{rel}","templated":true}]}}