{"id":279,"date":"2019-04-24T20:01:49","date_gmt":"2019-04-24T18:01:49","guid":{"rendered":"https:\/\/www.xn--stosswellenzentrum-niedersterreich-znd.at\/?page_id=279"},"modified":"2019-05-28T09:18:03","modified_gmt":"2019-05-28T07:18:03","slug":"behandlung","status":"publish","type":"page","link":"https:\/\/www.xn--stosswellenzentrum-niedersterreich-znd.at\/?page_id=279","title":{"rendered":"Behandlung"},"content":{"rendered":"\t\t<div data-elementor-type=\"wp-post\" data-elementor-id=\"279\" class=\"elementor elementor-279\" data-elementor-settings=\"[]\">\n\t\t\t\t\t\t<div class=\"elementor-inner\">\n\t\t\t\t\t\t\t<div class=\"elementor-section-wrap\">\n\t\t\t\t\t\t\t<section class=\"elementor-section elementor-top-section elementor-element elementor-element-4973333 elementor-section-full_width elementor-section-height-min-height elementor-section-content-middle elementor-section-height-default elementor-section-items-middle\" data-id=\"4973333\" data-element_type=\"section\" data-settings=\"{&quot;background_background&quot;:&quot;classic&quot;}\">\n\t\t\t\t\t\t<div class=\"elementor-container elementor-column-gap-no\">\n\t\t\t\t\t\t\t<div class=\"elementor-row\">\n\t\t\t\t\t<div class=\"elementor-column elementor-col-100 elementor-top-column elementor-element elementor-element-b592d62\" data-id=\"b592d62\" data-element_type=\"column\">\n\t\t\t<div class=\"elementor-column-wrap elementor-element-populated\">\n\t\t\t\t\t\t\t<div class=\"elementor-widget-wrap\">\n\t\t\t\t\t\t\t\t<\/div>\n\t\t\t\t\t<\/div>\n\t\t<\/div>\n\t\t\t\t\t\t\t\t<\/div>\n\t\t\t\t\t<\/div>\n\t\t<\/section>\n\t\t\t\t<section class=\"elementor-section elementor-inner-section elementor-element elementor-element-4acb684 elementor-section-height-min-height elementor-section-content-middle elementor-section-full_width elementor-section-height-default\" data-id=\"4acb684\" data-element_type=\"section\" data-settings=\"{&quot;background_background&quot;:&quot;classic&quot;}\">\n\t\t\t\t\t\t<div class=\"elementor-container elementor-column-gap-no\">\n\t\t\t\t\t\t\t<div class=\"elementor-row\">\n\t\t\t\t\t<div class=\"elementor-column elementor-col-50 elementor-inner-column elementor-element elementor-element-241ea74\" data-id=\"241ea74\" data-element_type=\"column\" data-settings=\"{&quot;background_background&quot;:&quot;classic&quot;}\">\n\t\t\t<div class=\"elementor-column-wrap elementor-element-populated\">\n\t\t\t\t\t\t\t<div class=\"elementor-widget-wrap\">\n\t\t\t\t\t\t<div class=\"elementor-element elementor-element-7c0eeee elementor-widget elementor-widget-spacer\" data-id=\"7c0eeee\" data-element_type=\"widget\" data-widget_type=\"spacer.default\">\n\t\t\t\t<div class=\"elementor-widget-container\">\n\t\t\t\t\t<div class=\"elementor-spacer\">\n\t\t\t<div class=\"elementor-spacer-inner\"><\/div>\n\t\t<\/div>\n\t\t\t\t<\/div>\n\t\t\t\t<\/div>\n\t\t\t\t\t\t<\/div>\n\t\t\t\t\t<\/div>\n\t\t<\/div>\n\t\t\t\t<div class=\"elementor-column elementor-col-50 elementor-inner-column elementor-element elementor-element-d1c03a4\" data-id=\"d1c03a4\" data-element_type=\"column\">\n\t\t\t<div class=\"elementor-column-wrap elementor-element-populated\">\n\t\t\t\t\t\t\t<div class=\"elementor-widget-wrap\">\n\t\t\t\t\t\t<div class=\"elementor-element elementor-element-2d7443b elementor-widget elementor-widget-heading\" data-id=\"2d7443b\" data-element_type=\"widget\" data-widget_type=\"heading.default\">\n\t\t\t\t<div class=\"elementor-widget-container\">\n\t\t\t<h2 class=\"elementor-heading-title elementor-size-large\">Behandlung:<\/h2>\t\t<\/div>\n\t\t\t\t<\/div>\n\t\t\t\t<div class=\"elementor-element elementor-element-06b490d elementor-widget elementor-widget-text-editor\" data-id=\"06b490d\" data-element_type=\"widget\" data-widget_type=\"text-editor.default\">\n\t\t\t\t<div class=\"elementor-widget-container\">\n\t\t\t\t\t\t\t\t<div class=\"elementor-text-editor elementor-clearfix\">\n\t\t\t\t\t<div id=\"id9\" class=\"style_SkipStroke_1 shape-with-text\"><div class=\"text-content graphic_textbox_layout_style_default_External_697_251\"><div class=\"graphic_textbox_layout_style_default\"><p class=\"paragraph_style_4\">Je nach Diagnose bzw. Anwendungsbereich sind 2 oder mehrere Behandlungen notwendig.<\/p><p class=\"paragraph_style_4\">Nach erfolgter Begutachung mit Diagnosestellung sowie Besprechung von f\u00fcr den Heilungsprozess beg\u00fcnstigenden Verhaltensweisen (Dehnungs\u00fcbungen, Schuhwerk, m\u00f6gliche Sportarten nach der Behandlung bzw. Ausma\u00df der Sportkarenz, etc.) wird die Behandlung durchgef\u00fchrt.\u00a0Nach Auftragen von Ultraschallgel wird der Sto\u00dfwellenkopf des Behandlungsger\u00e4tes im Sitzen oder Liegen direkt auf die zu behandelnde Stelle gerichtet.\u00a0Die Dauer betr\u00e4gt nur bis zu 10 Minuten.<\/p><p>\u00dcblicherweise ist nach ca. 4-6 Wochen die zweite Behandlung vorgesehen.<\/p><p class=\"paragraph_style_4\">Schon durch den schmerzlindernden Effekt der Sto\u00dfwellen w\u00e4hrend der Behandlung wird sie vom\u00a0Patienten als kaum bis leicht schmerzhaft angegeben.\u00a0Man beginnt im niedrigenergetischen Bereich und erh\u00f6ht die Energie bis zur subjektiv tolerablen Schmerzgrenze.\u00a0Die Behandlungen werden ohne lokale Bet\u00e4ubung durchgef\u00fchrt.<\/p><\/div><\/div><\/div>\t\t\t\t\t<\/div>\n\t\t\t\t\t\t<\/div>\n\t\t\t\t<\/div>\n\t\t\t\t\t\t<\/div>\n\t\t\t\t\t<\/div>\n\t\t<\/div>\n\t\t\t\t\t\t\t\t<\/div>\n\t\t\t\t\t<\/div>\n\t\t<\/section>\n\t\t\t\t\t\t<\/div>\n\t\t\t\t\t\t<\/div>\n\t\t\t\t\t<\/div>\n\t\t","protected":false},"excerpt":{"rendered":"<p>Behandlung: Je nach Diagnose bzw. Anwendungsbereich sind 2 oder mehrere Behandlungen notwendig. Nach erfolgter Begutachung mit Diagnosestellung sowie Besprechung von f\u00fcr den Heilungsprozess beg\u00fcnstigenden Verhaltensweisen (Dehnungs\u00fcbungen, Schuhwerk, m\u00f6gliche Sportarten nach der Behandlung bzw. Ausma\u00df der Sportkarenz, etc.) wird die Behandlung durchgef\u00fchrt.\u00a0Nach Auftragen von Ultraschallgel wird der Sto\u00dfwellenkopf des Behandlungsger\u00e4tes im Sitzen oder Liegen direkt auf [&hellip;]<\/p>\n","protected":false},"author":3,"featured_media":0,"parent":0,"menu_order":0,"comment_status":"closed","ping_status":"closed","template":"","meta":{"footnotes":""},"class_list":["post-279","page","type-page","status-publish","hentry","entry"],"_links":{"self":[{"href":"https:\/\/www.xn--stosswellenzentrum-niedersterreich-znd.at\/index.php?rest_route=\/wp\/v2\/pages\/279","targetHints":{"allow":["GET"]}}],"collection":[{"href":"https:\/\/www.xn--stosswellenzentrum-niedersterreich-znd.at\/index.php?rest_route=\/wp\/v2\/pages"}],"about":[{"href":"https:\/\/www.xn--stosswellenzentrum-niedersterreich-znd.at\/index.php?rest_route=\/wp\/v2\/types\/page"}],"author":[{"embeddable":true,"href":"https:\/\/www.xn--stosswellenzentrum-niedersterreich-znd.at\/index.php?rest_route=\/wp\/v2\/users\/3"}],"replies":[{"embeddable":true,"href":"https:\/\/www.xn--stosswellenzentrum-niedersterreich-znd.at\/index.php?rest_route=%2Fwp%2Fv2%2Fcomments&post=279"}],"version-history":[{"count":23,"href":"https:\/\/www.xn--stosswellenzentrum-niedersterreich-znd.at\/index.php?rest_route=\/wp\/v2\/pages\/279\/revisions"}],"predecessor-version":[{"id":1485,"href":"https:\/\/www.xn--stosswellenzentrum-niedersterreich-znd.at\/index.php?rest_route=\/wp\/v2\/pages\/279\/revisions\/1485"}],"wp:attachment":[{"href":"https:\/\/www.xn--stosswellenzentrum-niedersterreich-znd.at\/index.php?rest_route=%2Fwp%2Fv2%2Fmedia&parent=279"}],"curies":[{"name":"wp","href":"https:\/\/api.w.org\/{rel}","templated":true}]}}