{"id":14,"date":"2019-04-11T17:06:13","date_gmt":"2019-04-11T15:06:13","guid":{"rendered":"https:\/\/www.xn--stosswellenzentrum-niedersterreich-znd.at\/?page_id=14"},"modified":"2019-05-25T12:45:00","modified_gmt":"2019-05-25T10:45:00","slug":"fersensporn","status":"publish","type":"page","link":"https:\/\/www.xn--stosswellenzentrum-niedersterreich-znd.at\/?page_id=14","title":{"rendered":"Fersensporn"},"content":{"rendered":"\t\t<div data-elementor-type=\"wp-post\" data-elementor-id=\"14\" class=\"elementor elementor-14\" data-elementor-settings=\"[]\">\n\t\t\t\t\t\t<div class=\"elementor-inner\">\n\t\t\t\t\t\t\t<div class=\"elementor-section-wrap\">\n\t\t\t\t\t\t\t<section class=\"elementor-section elementor-top-section elementor-element elementor-element-5812482 elementor-section-full_width elementor-section-height-min-height elementor-section-content-middle elementor-section-height-default elementor-section-items-middle\" data-id=\"5812482\" data-element_type=\"section\" data-settings=\"{&quot;background_background&quot;:&quot;classic&quot;}\">\n\t\t\t\t\t\t<div class=\"elementor-container elementor-column-gap-no\">\n\t\t\t\t\t\t\t<div class=\"elementor-row\">\n\t\t\t\t\t<div class=\"elementor-column elementor-col-100 elementor-top-column elementor-element elementor-element-732b9be\" data-id=\"732b9be\" data-element_type=\"column\">\n\t\t\t<div class=\"elementor-column-wrap elementor-element-populated\">\n\t\t\t\t\t\t\t<div class=\"elementor-widget-wrap\">\n\t\t\t\t\t\t\t\t<\/div>\n\t\t\t\t\t<\/div>\n\t\t<\/div>\n\t\t\t\t\t\t\t\t<\/div>\n\t\t\t\t\t<\/div>\n\t\t<\/section>\n\t\t\t\t<section class=\"elementor-section elementor-top-section elementor-element elementor-element-457253f elementor-section-height-min-height elementor-section-content-middle elementor-section-boxed elementor-section-height-default elementor-section-items-middle\" data-id=\"457253f\" data-element_type=\"section\" data-settings=\"{&quot;background_background&quot;:&quot;classic&quot;}\">\n\t\t\t\t\t\t<div class=\"elementor-container elementor-column-gap-no\">\n\t\t\t\t\t\t\t<div class=\"elementor-row\">\n\t\t\t\t\t<div class=\"elementor-column elementor-col-33 elementor-top-column elementor-element elementor-element-61d5276\" data-id=\"61d5276\" data-element_type=\"column\" data-settings=\"{&quot;background_background&quot;:&quot;classic&quot;}\">\n\t\t\t<div class=\"elementor-column-wrap elementor-element-populated\">\n\t\t\t\t\t\t\t<div class=\"elementor-widget-wrap\">\n\t\t\t\t\t\t<div class=\"elementor-element elementor-element-2205f40 elementor-widget elementor-widget-heading\" data-id=\"2205f40\" data-element_type=\"widget\" data-widget_type=\"heading.default\">\n\t\t\t\t<div class=\"elementor-widget-container\">\n\t\t\t<h2 class=\"elementor-heading-title elementor-size-large\">Fersensporn<\/h2>\t\t<\/div>\n\t\t\t\t<\/div>\n\t\t\t\t\t\t<\/div>\n\t\t\t\t\t<\/div>\n\t\t<\/div>\n\t\t\t\t<div class=\"elementor-column elementor-col-66 elementor-top-column elementor-element elementor-element-b40c055\" data-id=\"b40c055\" data-element_type=\"column\">\n\t\t\t<div class=\"elementor-column-wrap elementor-element-populated\">\n\t\t\t\t\t\t\t<div class=\"elementor-widget-wrap\">\n\t\t\t\t\t\t<div class=\"elementor-element elementor-element-565c522 elementor-widget elementor-widget-image\" data-id=\"565c522\" data-element_type=\"widget\" data-widget_type=\"image.default\">\n\t\t\t\t<div class=\"elementor-widget-container\">\n\t\t\t\t\t\t\t\t<div class=\"elementor-image\">\n\t\t\t\t\t\t\t\t\t\t\t\t<img loading=\"lazy\" decoding=\"async\" width=\"2500\" height=\"1717\" src=\"https:\/\/www.xn--stosswellenzentrum-niedersterreich-znd.at\/wp-content\/uploads\/2019\/05\/Fersensporn_Dr_Braun.jpg\" class=\"attachment-full size-full\" alt=\"\" srcset=\"https:\/\/www.xn--stosswellenzentrum-niedersterreich-znd.at\/wp-content\/uploads\/2019\/05\/Fersensporn_Dr_Braun.jpg 2500w, https:\/\/www.xn--stosswellenzentrum-niedersterreich-znd.at\/wp-content\/uploads\/2019\/05\/Fersensporn_Dr_Braun-300x206.jpg 300w, https:\/\/www.xn--stosswellenzentrum-niedersterreich-znd.at\/wp-content\/uploads\/2019\/05\/Fersensporn_Dr_Braun-768x527.jpg 768w, https:\/\/www.xn--stosswellenzentrum-niedersterreich-znd.at\/wp-content\/uploads\/2019\/05\/Fersensporn_Dr_Braun-1024x703.jpg 1024w\" sizes=\"auto, (max-width: 2500px) 100vw, 2500px\" \/>\t\t\t\t\t\t\t\t\t\t\t\t\t\t<\/div>\n\t\t\t\t\t\t<\/div>\n\t\t\t\t<\/div>\n\t\t\t\t\t\t<\/div>\n\t\t\t\t\t<\/div>\n\t\t<\/div>\n\t\t\t\t\t\t\t\t<\/div>\n\t\t\t\t\t<\/div>\n\t\t<\/section>\n\t\t\t\t<section class=\"elementor-section elementor-top-section elementor-element elementor-element-7832aa6 elementor-section-full_width elementor-section-content-middle elementor-section-height-default elementor-section-height-default\" data-id=\"7832aa6\" data-element_type=\"section\">\n\t\t\t\t\t\t<div class=\"elementor-container elementor-column-gap-no\">\n\t\t\t\t\t\t\t<div class=\"elementor-row\">\n\t\t\t\t\t<div class=\"elementor-column elementor-col-50 elementor-top-column elementor-element elementor-element-15f0a73\" data-id=\"15f0a73\" data-element_type=\"column\">\n\t\t\t<div class=\"elementor-column-wrap elementor-element-populated\">\n\t\t\t\t\t\t\t<div class=\"elementor-widget-wrap\">\n\t\t\t\t\t\t<div class=\"elementor-element elementor-element-71fdc92 elementor-widget elementor-widget-image\" data-id=\"71fdc92\" data-element_type=\"widget\" data-widget_type=\"image.default\">\n\t\t\t\t<div class=\"elementor-widget-container\">\n\t\t\t\t\t\t\t\t<div class=\"elementor-image\">\n\t\t\t\t\t\t\t\t\t\t\t\t<img loading=\"lazy\" decoding=\"async\" width=\"233\" height=\"300\" src=\"https:\/\/www.xn--stosswellenzentrum-niedersterreich-znd.at\/wp-content\/uploads\/2019\/05\/Fersensporn_Dr_Braun_B-233x300.jpg\" class=\"attachment-medium size-medium\" alt=\"\" srcset=\"https:\/\/www.xn--stosswellenzentrum-niedersterreich-znd.at\/wp-content\/uploads\/2019\/05\/Fersensporn_Dr_Braun_B-233x300.jpg 233w, https:\/\/www.xn--stosswellenzentrum-niedersterreich-znd.at\/wp-content\/uploads\/2019\/05\/Fersensporn_Dr_Braun_B.jpg 388w\" sizes=\"auto, (max-width: 233px) 100vw, 233px\" \/>\t\t\t\t\t\t\t\t\t\t\t\t\t\t<\/div>\n\t\t\t\t\t\t<\/div>\n\t\t\t\t<\/div>\n\t\t\t\t\t\t<\/div>\n\t\t\t\t\t<\/div>\n\t\t<\/div>\n\t\t\t\t<div class=\"elementor-column elementor-col-50 elementor-top-column elementor-element elementor-element-98c5ee0\" data-id=\"98c5ee0\" data-element_type=\"column\">\n\t\t\t<div class=\"elementor-column-wrap elementor-element-populated\">\n\t\t\t\t\t\t\t<div class=\"elementor-widget-wrap\">\n\t\t\t\t\t\t<div class=\"elementor-element elementor-element-cd2e54f elementor-widget elementor-widget-text-editor\" data-id=\"cd2e54f\" data-element_type=\"widget\" data-widget_type=\"text-editor.default\">\n\t\t\t\t<div class=\"elementor-widget-container\">\n\t\t\t\t\t\t\t\t<div class=\"elementor-text-editor elementor-clearfix\">\n\t\t\t\t\t<p>Der Fersensporn (Plantar Fasciitis) ist ein dornartiger, kn\u00f6cherner Sporn am Ursprung der Plantaraponeurose, einer Sehnenplatte der Fu\u00dfsohle. Die Plantaraponeurose ist eine breite Sehne an der Fu\u00dfsohle, die den Fu\u00df st\u00fctzt und sensible Strukturen wie Nerven, Gef\u00e4\u00dfe, Sehnen und Muskeln sch\u00fctzt. Durch chronische \u00dcberbeanspruchung kommt es zum Entstehen einer Entz\u00fcndung und dadurch l\u00e4ngerfristig zur Ausbildung des Spornes.<\/p><p>Typisches Leitsymptom ist ein morgendlicher Anlaufschmerz sowie tags\u00fcber ein\u00a0Belastungsschmerz oft am inneren\u00a0 Fersenrand.<\/p>\t\t\t\t\t<\/div>\n\t\t\t\t\t\t<\/div>\n\t\t\t\t<\/div>\n\t\t\t\t\t\t<\/div>\n\t\t\t\t\t<\/div>\n\t\t<\/div>\n\t\t\t\t\t\t\t\t<\/div>\n\t\t\t\t\t<\/div>\n\t\t<\/section>\n\t\t\t\t<section class=\"elementor-section elementor-top-section elementor-element elementor-element-5df4638 elementor-section-boxed elementor-section-height-default elementor-section-height-default\" data-id=\"5df4638\" data-element_type=\"section\">\n\t\t\t\t\t\t<div class=\"elementor-container elementor-column-gap-default\">\n\t\t\t\t\t\t\t<div class=\"elementor-row\">\n\t\t\t\t\t<div class=\"elementor-column elementor-col-100 elementor-top-column elementor-element elementor-element-2316605\" data-id=\"2316605\" data-element_type=\"column\">\n\t\t\t<div class=\"elementor-column-wrap elementor-element-populated\">\n\t\t\t\t\t\t\t<div class=\"elementor-widget-wrap\">\n\t\t\t\t\t\t<div class=\"elementor-element elementor-element-f7a98b5 elementor-widget elementor-widget-spacer\" data-id=\"f7a98b5\" data-element_type=\"widget\" data-widget_type=\"spacer.default\">\n\t\t\t\t<div class=\"elementor-widget-container\">\n\t\t\t\t\t<div class=\"elementor-spacer\">\n\t\t\t<div class=\"elementor-spacer-inner\"><\/div>\n\t\t<\/div>\n\t\t\t\t<\/div>\n\t\t\t\t<\/div>\n\t\t\t\t\t\t<\/div>\n\t\t\t\t\t<\/div>\n\t\t<\/div>\n\t\t\t\t\t\t\t\t<\/div>\n\t\t\t\t\t<\/div>\n\t\t<\/section>\n\t\t\t\t\t\t<\/div>\n\t\t\t\t\t\t<\/div>\n\t\t\t\t\t<\/div>\n\t\t","protected":false},"excerpt":{"rendered":"<p>Fersensporn Der Fersensporn (Plantar Fasciitis) ist ein dornartiger, kn\u00f6cherner Sporn am Ursprung der Plantaraponeurose, einer Sehnenplatte der Fu\u00dfsohle. Die Plantaraponeurose ist eine breite Sehne an der Fu\u00dfsohle, die den Fu\u00df st\u00fctzt und sensible Strukturen wie Nerven, Gef\u00e4\u00dfe, Sehnen und Muskeln sch\u00fctzt. Durch chronische \u00dcberbeanspruchung kommt es zum Entstehen einer Entz\u00fcndung und dadurch l\u00e4ngerfristig zur Ausbildung [&hellip;]<\/p>\n","protected":false},"author":3,"featured_media":0,"parent":0,"menu_order":0,"comment_status":"closed","ping_status":"closed","template":"","meta":{"footnotes":""},"class_list":["post-14","page","type-page","status-publish","hentry","entry"],"_links":{"self":[{"href":"https:\/\/www.xn--stosswellenzentrum-niedersterreich-znd.at\/index.php?rest_route=\/wp\/v2\/pages\/14","targetHints":{"allow":["GET"]}}],"collection":[{"href":"https:\/\/www.xn--stosswellenzentrum-niedersterreich-znd.at\/index.php?rest_route=\/wp\/v2\/pages"}],"about":[{"href":"https:\/\/www.xn--stosswellenzentrum-niedersterreich-znd.at\/index.php?rest_route=\/wp\/v2\/types\/page"}],"author":[{"embeddable":true,"href":"https:\/\/www.xn--stosswellenzentrum-niedersterreich-znd.at\/index.php?rest_route=\/wp\/v2\/users\/3"}],"replies":[{"embeddable":true,"href":"https:\/\/www.xn--stosswellenzentrum-niedersterreich-znd.at\/index.php?rest_route=%2Fwp%2Fv2%2Fcomments&post=14"}],"version-history":[{"count":24,"href":"https:\/\/www.xn--stosswellenzentrum-niedersterreich-znd.at\/index.php?rest_route=\/wp\/v2\/pages\/14\/revisions"}],"predecessor-version":[{"id":1439,"href":"https:\/\/www.xn--stosswellenzentrum-niedersterreich-znd.at\/index.php?rest_route=\/wp\/v2\/pages\/14\/revisions\/1439"}],"wp:attachment":[{"href":"https:\/\/www.xn--stosswellenzentrum-niedersterreich-znd.at\/index.php?rest_route=%2Fwp%2Fv2%2Fmedia&parent=14"}],"curies":[{"name":"wp","href":"https:\/\/api.w.org\/{rel}","templated":true}]}}